{"id":1064,"date":"2024-04-22T19:25:28","date_gmt":"2024-04-22T18:25:28","guid":{"rendered":"https:\/\/saint-amour.org\/?page_id=1064"},"modified":"2024-08-21T00:17:35","modified_gmt":"2024-08-20T23:17:35","slug":"le-concept-des-ateliers-de-lucifer","status":"publish","type":"page","link":"https:\/\/saint-amour.org\/?page_id=1064","title":{"rendered":"Le Concept des ATELIERS DE LUCIFER"},"content":{"rendered":"\n<p>Les soir\u00e9es LUCIFER sont d\u00e9di\u00e9es au BDSM soft avec des ateliers pratiques pour d\u00e9couvrir ou partager vos pratiques pour les plus exp\u00e9riment\u00e9s :<\/p>\n\n\n\n<p>Que vous soyez d\u00e9j\u00e0 adepte du Bdsm lubrique (Dominant, Domina ou Soumis(e)) ou simplement curieux et d\u00e9sireux de vous initier, cette soir\u00e9e est faite pour vous.&nbsp;&nbsp;<\/p>\n\n\n\n<p>L\u2019ambiance y sera d\u00e9licieusement perverse tous les derniers mercredis du mois \u00e0 partir de 22h et des ateliers d\u2019\u00e9change d\u2019exp\u00e9rience ou d\u2019apprentissage des pratiques y seront organis\u00e9s.&nbsp;<\/p>\n\n\n\n<p>L\u2019objectif sera de mettre en exergue tous vos sens pour doper votre excitation.&nbsp;<\/p>\n\n\n\n<p>Pour cela toutes les techniques seront les bienvenues : bondage (sangle de contrainte, menottes, \u2026), privation des sens (bandeau pour les yeux), domination et soumission (n\u2019oubliez pas votre cerveau \ud83d\ude09 ) ou flagellation de tout type (fess\u00e9e, martinet, fouet, \u2026).&nbsp;<\/p>\n\n\n\n<p>Les Ma\u00eetres y trouveront aussi un excellent terrain de jeu pour leur soumise en profitant des autres convives de qualit\u00e9 pour mat\u00e9rialiser leur sc\u00e9nario lubrique.&nbsp;&nbsp;<\/p>\n\n\n\n<p>Enfin, pour contribuer \u00e0 l\u2019atmosph\u00e8re d\u00e9moniaque, vous devrez rev\u00eatir la tenue f\u00e9tichiste la plus diabolique de votre garde-robe ou \u00e0 d\u00e9faut serez de noir v\u00eatus.&nbsp;<\/p>\n\n\n\n<p>Si vous avez d\u00e9j\u00e0 vos propres jouets d\u00e9moniaques, c\u2019est le moment de les sortir du placard et de venir avec, sinon pour les d\u00e9butants, nous pourrons vous en pr\u00eater dans le cadre des ateliers.<\/p>\n\n\n\n<p>Si vous d\u00e9sirez d\u00e9couvrir de nouveaux plaisirs qui enflammeront vos sens, venez flirter entre l\u2019enfer et le paradis mais attention \u00e0 l\u2019addiction, on vous aura pr\u00e9venu\u2026&nbsp;<\/p>\n\n\n\n<p><\/p>\n\n\n\n<p>Vous pouvez aussi disposer d&rsquo;invitations VIP en contactant directement l&rsquo;organisateur par mail au : <a href=\"mailto:yvessaintamour@gmail.com\">yvessaintamour@gmail.com<\/a><\/p>\n\n\n\n<p>Ces invitations VIP, vous permettront de b\u00e9n\u00e9ficier de privil\u00e8ges (Consommations suppl\u00e9mentaires offertes, entr\u00e9e \u00e0 tarif r\u00e9duit, &#8230;) selon votre profil (FS, CPL, HS) et selon le type de soir\u00e9e (Saint-Amour ou Atelier de Lucifer). Pour plus de d\u00e9tails les privil\u00e8ges, consultez la page \u00ab\u00a0<a href=\"https:\/\/saint-amour.org\/?page_id=69\">Invitation VIP<\/a>\u00a0\u00bb :<\/p>\n\n\n\n<p><\/p>\n\n\n\n<p class=\"has-large-font-size\"><\/p>\n","protected":false},"excerpt":{"rendered":"<p>Les soir\u00e9es LUCIFER sont d\u00e9di\u00e9es au BDSM soft avec des ateliers pratiques pour d\u00e9couvrir ou partager vos pratiques pour les plus exp\u00e9riment\u00e9s : Que vous soyez d\u00e9j\u00e0 adepte du Bdsm lubrique (Dominant, Domina ou Soumis(e)) ou simplement curieux et d\u00e9sireux de vous initier, cette soir\u00e9e est faite pour vous.&nbsp;&nbsp; L\u2019ambiance<a href=\"https:\/\/saint-amour.org\/?page_id=1064\" class=\"read-more\">Read More&#8230;<\/a><\/p>\n","protected":false},"author":1,"featured_media":0,"parent":0,"menu_order":0,"comment_status":"closed","ping_status":"closed","template":"","meta":{"footnotes":""},"class_list":["post-1064","page","type-page","status-publish","hentry"],"yoast_head":"<!-- This site is optimized with the Yoast SEO plugin v24.9 - https:\/\/yoast.com\/wordpress\/plugins\/seo\/ -->\n<title>Le Concept des ATELIERS DE LUCIFER - LES SOIREES SAINT-AMOUR<\/title>\n<meta name=\"robots\" content=\"index, follow, max-snippet:-1, max-image-preview:large, max-video-preview:-1\" \/>\n<link rel=\"canonical\" href=\"https:\/\/saint-amour.org\/?page_id=1064\" \/>\n<meta property=\"og:locale\" content=\"fr_FR\" \/>\n<meta property=\"og:type\" content=\"article\" \/>\n<meta property=\"og:title\" content=\"Le Concept des ATELIERS DE LUCIFER - LES SOIREES SAINT-AMOUR\" \/>\n<meta property=\"og:description\" content=\"Les soir\u00e9es LUCIFER sont d\u00e9di\u00e9es au BDSM soft avec des ateliers pratiques pour d\u00e9couvrir ou partager vos pratiques pour les plus exp\u00e9riment\u00e9s : Que vous soyez d\u00e9j\u00e0 adepte du Bdsm lubrique (Dominant, Domina ou Soumis(e)) ou simplement curieux et d\u00e9sireux de vous initier, cette soir\u00e9e est faite pour vous.&nbsp;&nbsp; L\u2019ambianceRead More...\" \/>\n<meta property=\"og:url\" content=\"https:\/\/saint-amour.org\/?page_id=1064\" \/>\n<meta property=\"og:site_name\" content=\"LES SOIREES SAINT-AMOUR\" \/>\n<meta property=\"article:modified_time\" content=\"2024-08-20T23:17:35+00:00\" \/>\n<meta name=\"twitter:label1\" content=\"Dur\u00e9e de lecture estim\u00e9e\" \/>\n\t<meta name=\"twitter:data1\" content=\"2 minutes\" \/>\n<script type=\"application\/ld+json\" class=\"yoast-schema-graph\">{\"@context\":\"https:\/\/schema.org\",\"@graph\":[{\"@type\":\"WebPage\",\"@id\":\"https:\/\/saint-amour.org\/?page_id=1064\",\"url\":\"https:\/\/saint-amour.org\/?page_id=1064\",\"name\":\"Le Concept des ATELIERS DE LUCIFER - LES SOIREES SAINT-AMOUR\",\"isPartOf\":{\"@id\":\"https:\/\/saint-amour.org\/#website\"},\"datePublished\":\"2024-04-22T18:25:28+00:00\",\"dateModified\":\"2024-08-20T23:17:35+00:00\",\"inLanguage\":\"fr-FR\",\"potentialAction\":[{\"@type\":\"ReadAction\",\"target\":[\"https:\/\/saint-amour.org\/?page_id=1064\"]}]},{\"@type\":\"WebSite\",\"@id\":\"https:\/\/saint-amour.org\/#website\",\"url\":\"https:\/\/saint-amour.org\/\",\"name\":\"LES SOIREES SAINT-AMOUR\",\"description\":\"Plus de 30 Th\u00e8mes Ludo-\u00e9rotique diff\u00e9rents \",\"potentialAction\":[{\"@type\":\"SearchAction\",\"target\":{\"@type\":\"EntryPoint\",\"urlTemplate\":\"https:\/\/saint-amour.org\/?s={search_term_string}\"},\"query-input\":{\"@type\":\"PropertyValueSpecification\",\"valueRequired\":true,\"valueName\":\"search_term_string\"}}],\"inLanguage\":\"fr-FR\"}]}<\/script>\n<!-- \/ Yoast SEO plugin. -->","yoast_head_json":{"title":"Le Concept des ATELIERS DE LUCIFER - LES SOIREES SAINT-AMOUR","robots":{"index":"index","follow":"follow","max-snippet":"max-snippet:-1","max-image-preview":"max-image-preview:large","max-video-preview":"max-video-preview:-1"},"canonical":"https:\/\/saint-amour.org\/?page_id=1064","og_locale":"fr_FR","og_type":"article","og_title":"Le Concept des ATELIERS DE LUCIFER - LES SOIREES SAINT-AMOUR","og_description":"Les soir\u00e9es LUCIFER sont d\u00e9di\u00e9es au BDSM soft avec des ateliers pratiques pour d\u00e9couvrir ou partager vos pratiques pour les plus exp\u00e9riment\u00e9s : Que vous soyez d\u00e9j\u00e0 adepte du Bdsm lubrique (Dominant, Domina ou Soumis(e)) ou simplement curieux et d\u00e9sireux de vous initier, cette soir\u00e9e est faite pour vous.&nbsp;&nbsp; L\u2019ambianceRead More...","og_url":"https:\/\/saint-amour.org\/?page_id=1064","og_site_name":"LES SOIREES SAINT-AMOUR","article_modified_time":"2024-08-20T23:17:35+00:00","twitter_misc":{"Dur\u00e9e de lecture estim\u00e9e":"2 minutes"},"schema":{"@context":"https:\/\/schema.org","@graph":[{"@type":"WebPage","@id":"https:\/\/saint-amour.org\/?page_id=1064","url":"https:\/\/saint-amour.org\/?page_id=1064","name":"Le Concept des ATELIERS DE LUCIFER - LES SOIREES SAINT-AMOUR","isPartOf":{"@id":"https:\/\/saint-amour.org\/#website"},"datePublished":"2024-04-22T18:25:28+00:00","dateModified":"2024-08-20T23:17:35+00:00","inLanguage":"fr-FR","potentialAction":[{"@type":"ReadAction","target":["https:\/\/saint-amour.org\/?page_id=1064"]}]},{"@type":"WebSite","@id":"https:\/\/saint-amour.org\/#website","url":"https:\/\/saint-amour.org\/","name":"LES SOIREES SAINT-AMOUR","description":"Plus de 30 Th\u00e8mes Ludo-\u00e9rotique diff\u00e9rents ","potentialAction":[{"@type":"SearchAction","target":{"@type":"EntryPoint","urlTemplate":"https:\/\/saint-amour.org\/?s={search_term_string}"},"query-input":{"@type":"PropertyValueSpecification","valueRequired":true,"valueName":"search_term_string"}}],"inLanguage":"fr-FR"}]}},"_links":{"self":[{"href":"https:\/\/saint-amour.org\/index.php?rest_route=\/wp\/v2\/pages\/1064","targetHints":{"allow":["GET"]}}],"collection":[{"href":"https:\/\/saint-amour.org\/index.php?rest_route=\/wp\/v2\/pages"}],"about":[{"href":"https:\/\/saint-amour.org\/index.php?rest_route=\/wp\/v2\/types\/page"}],"author":[{"embeddable":true,"href":"https:\/\/saint-amour.org\/index.php?rest_route=\/wp\/v2\/users\/1"}],"replies":[{"embeddable":true,"href":"https:\/\/saint-amour.org\/index.php?rest_route=%2Fwp%2Fv2%2Fcomments&post=1064"}],"version-history":[{"count":3,"href":"https:\/\/saint-amour.org\/index.php?rest_route=\/wp\/v2\/pages\/1064\/revisions"}],"predecessor-version":[{"id":1144,"href":"https:\/\/saint-amour.org\/index.php?rest_route=\/wp\/v2\/pages\/1064\/revisions\/1144"}],"wp:attachment":[{"href":"https:\/\/saint-amour.org\/index.php?rest_route=%2Fwp%2Fv2%2Fmedia&parent=1064"}],"curies":[{"name":"wp","href":"https:\/\/api.w.org\/{rel}","templated":true}]}}